{"id":9,"date":"2020-09-13T16:00:12","date_gmt":"2020-09-13T14:00:12","guid":{"rendered":"http:\/\/iswing.fr\/?page_id=9"},"modified":"2025-11-25T15:26:14","modified_gmt":"2025-11-25T14:26:14","slug":"a-propos-de","status":"publish","type":"page","link":"https:\/\/iswing.fr\/?page_id=9","title":{"rendered":"\u00c0 propos de Phil =^.^="},"content":{"rendered":"<p>Phil danse depuis plus de 35 ans sur Paname et la r\u00e9gion Parisienne. Il fait partie des &#8220;Pionners&#8221; du Lindy Hop Parisien. Phil commence le Lindy Hop en 96 et commence \u00e0 former des danseurs pour faire d\u00e9couvrir le Lindy Hop &#8220;Savoy Style&#8221; comme disait Frankie Manning.<\/p>\n<p>&nbsp;Fort d&#8217;une exp\u00e9rience que peu partagent, il enseigne en cours r\u00e9guliers et en cours particuliers pour Pros et Amateurs, partout en France, et aussi lors de Stages Swing Internationaux.<\/p>\n<p>&nbsp;Le Th\u00e9\u00e2tre Mogador de Paris lui donne carte blanche pour l&#8217;after Swing de la 200e de la com\u00e9die musicale CHICAGO. Il anime les Ateliers Swing au Palais de Chaillot en partenariat avec la compagnie XY.<\/p>\n\n\n<div class=\"wp-block-image\"><figure class=\"aligncenter\"><img loading=\"lazy\" decoding=\"async\" width=\"886\" height=\"515\" src=\"http:\/\/iswing.fr\/wp-content\/uploads\/2020\/10\/2011-V-comme-Vian-France-2-a.png\" alt=\"\" class=\"wp-image-239\" srcset=\"https:\/\/iswing.fr\/wp-content\/uploads\/2020\/10\/2011-V-comme-Vian-France-2-a.png 886w, https:\/\/iswing.fr\/wp-content\/uploads\/2020\/10\/2011-V-comme-Vian-France-2-a-300x174.png 300w, https:\/\/iswing.fr\/wp-content\/uploads\/2020\/10\/2011-V-comme-Vian-France-2-a-768x446.png 768w\" sizes=\"auto, (max-width: 767px) 89vw, (max-width: 1000px) 54vw, (max-width: 1071px) 543px, 580px\" \/><figcaption>Phil Danseur dans le Film de Philippe Le Guay \/ V Comme Vian<\/figcaption><\/figure><\/div>\n\n\n\n<p><strong>Planning 2024-2025<\/strong><\/p>\n\n\n\n<figure class=\"wp-block-image\"><img loading=\"lazy\" decoding=\"async\" width=\"1024\" height=\"619\" src=\"http:\/\/iswing.fr\/wp-content\/uploads\/2024\/10\/Planning-Cours-Hebdo-2024-2025-1024x619.png\" alt=\"\" class=\"wp-image-5464\" srcset=\"https:\/\/iswing.fr\/wp-content\/uploads\/2024\/10\/Planning-Cours-Hebdo-2024-2025-1024x619.png 1024w, https:\/\/iswing.fr\/wp-content\/uploads\/2024\/10\/Planning-Cours-Hebdo-2024-2025-300x181.png 300w, https:\/\/iswing.fr\/wp-content\/uploads\/2024\/10\/Planning-Cours-Hebdo-2024-2025-768x464.png 768w\" sizes=\"auto, (max-width: 767px) 89vw, (max-width: 1000px) 54vw, (max-width: 1071px) 543px, 580px\" \/><\/figure>\n\n\n\n<p><strong>Cours Hebdo :<\/strong><\/p>\n\n\n\n<p><a href=\"https:\/\/asso.carrieresdanse.com\"> \u00e0 Carri\u00e8res sur Seine 78 <\/a> \/ Carrieres Danse<\/p>\n\n\n\n<p><a href=\"https:\/\/www.facebook.com\/profile.php?id=100009558684661\">\u00e0 Dammarie&nbsp;Les&nbsp;Lys&nbsp;77<\/a> \/ K&#8217;Danse<\/p>\n\n\n\n<p><a href=\"https:\/\/www.facebook.com\/mov.dance\">\u00e0 Lagny sur Marne 77<\/a> \/ Mov Dance<\/p>\n\n\n\n<p><strong><a href=\"mailto:iswing@sfr.fr\">iswing@sfr.fr<\/a><\/strong><\/p>\n\n\n\n<p><strong>Tel<\/strong><br>06 84 48 68 31<\/p>\n\n\n\n<div class=\"wp-block-image\"><figure class=\"aligncenter\"><img loading=\"lazy\" decoding=\"async\" width=\"704\" height=\"1024\" src=\"http:\/\/iswing.fr\/wp-content\/uploads\/2020\/09\/Phil-@-Sully_sur_loire_heures_historiques-17-266-704x1024.jpg\" alt=\"\" class=\"wp-image-80\" srcset=\"https:\/\/iswing.fr\/wp-content\/uploads\/2020\/09\/Phil-@-Sully_sur_loire_heures_historiques-17-266-704x1024.jpg 704w, https:\/\/iswing.fr\/wp-content\/uploads\/2020\/09\/Phil-@-Sully_sur_loire_heures_historiques-17-266-206x300.jpg 206w, https:\/\/iswing.fr\/wp-content\/uploads\/2020\/09\/Phil-@-Sully_sur_loire_heures_historiques-17-266-768x1117.jpg 768w, https:\/\/iswing.fr\/wp-content\/uploads\/2020\/09\/Phil-@-Sully_sur_loire_heures_historiques-17-266.jpg 1393w\" sizes=\"auto, (max-width: 704px) 100vw, 704px\" \/><figcaption>Phil m\u00e8ne la danse et ses Flying Cool Cats aux Heures Historiques de Sully sur Loire depuis une dizaine d&#8217;ann\u00e9es.<\/figcaption><\/figure><\/div>\n\n\n\n<p><br><\/p>\n","protected":false},"excerpt":{"rendered":"<p>Phil danse depuis plus de 35 ans sur Paname et la r\u00e9gion Parisienne. Il fait partie des &#8220;Pionners&#8221; du Lindy Hop Parisien. Phil commence le Lindy Hop en 96 et commence \u00e0 former des danseurs pour faire d\u00e9couvrir le Lindy Hop &#8220;Savoy Style&#8221; comme disait Frankie Manning. &nbsp;Fort d&#8217;une exp\u00e9rience que peu partagent, il enseigne &hellip; <\/p>\n<p class=\"link-more\"><a href=\"https:\/\/iswing.fr\/?page_id=9\" class=\"more-link\">Continue reading<span class=\"screen-reader-text\"> &#8220;\u00c0 propos de Phil =^.^=&#8221;<\/span><\/a><\/p>\n","protected":false},"author":1,"featured_media":0,"parent":0,"menu_order":0,"comment_status":"closed","ping_status":"closed","template":"","meta":{"footnotes":""},"class_list":["post-9","page","type-page","status-publish","hentry"],"_links":{"self":[{"href":"https:\/\/iswing.fr\/index.php?rest_route=\/wp\/v2\/pages\/9","targetHints":{"allow":["GET"]}}],"collection":[{"href":"https:\/\/iswing.fr\/index.php?rest_route=\/wp\/v2\/pages"}],"about":[{"href":"https:\/\/iswing.fr\/index.php?rest_route=\/wp\/v2\/types\/page"}],"author":[{"embeddable":true,"href":"https:\/\/iswing.fr\/index.php?rest_route=\/wp\/v2\/users\/1"}],"replies":[{"embeddable":true,"href":"https:\/\/iswing.fr\/index.php?rest_route=%2Fwp%2Fv2%2Fcomments&post=9"}],"version-history":[{"count":45,"href":"https:\/\/iswing.fr\/index.php?rest_route=\/wp\/v2\/pages\/9\/revisions"}],"predecessor-version":[{"id":5474,"href":"https:\/\/iswing.fr\/index.php?rest_route=\/wp\/v2\/pages\/9\/revisions\/5474"}],"wp:attachment":[{"href":"https:\/\/iswing.fr\/index.php?rest_route=%2Fwp%2Fv2%2Fmedia&parent=9"}],"curies":[{"name":"wp","href":"https:\/\/api.w.org\/{rel}","templated":true}]}}