{"id":8,"date":"2020-09-13T16:00:11","date_gmt":"2020-09-13T14:00:11","guid":{"rendered":"http:\/\/iswing.fr\/?page_id=8"},"modified":"2025-06-17T10:49:25","modified_gmt":"2025-06-17T08:49:25","slug":"accueil","status":"publish","type":"page","link":"https:\/\/iswing.fr\/","title":{"rendered":"Accueil : I Swing With Phil =^.^="},"content":{"rendered":"<p>&nbsp;&nbsp;&nbsp;&nbsp;&nbsp; Bienvenue \u00e0 vous !<\/p>\n<p>&nbsp;Phil vous propose des cours dans l&#8217;esprit authentique des danseurs originaires de l&#8217;\u00e8re du Swing. Ceci dans le plus grand respect des styles qui sont n\u00e9s notamment au Savoy Ballroom \u00e0 Harlem, USA dans les ann\u00e9es 1920.<\/p>\n<p>&nbsp;Nous proposons, avec les danseurs de Phil, les Flying Cool Cats, de vous faire d\u00e9couvrir l&#8217;univers du Swing au travers de d\u00e9monstrations et d&#8217;animations.<\/p>\n\n\n<figure class=\"wp-block-image\"><img loading=\"lazy\" decoding=\"async\" width=\"1024\" height=\"768\" src=\"http:\/\/iswing.fr\/wp-content\/uploads\/2021\/08\/FCC-Sully-2021-IMG_1626-1024x768.jpg\" alt=\"\" class=\"wp-image-5324\" srcset=\"https:\/\/iswing.fr\/wp-content\/uploads\/2021\/08\/FCC-Sully-2021-IMG_1626-1024x768.jpg 1024w, https:\/\/iswing.fr\/wp-content\/uploads\/2021\/08\/FCC-Sully-2021-IMG_1626-300x225.jpg 300w, https:\/\/iswing.fr\/wp-content\/uploads\/2021\/08\/FCC-Sully-2021-IMG_1626-768x576.jpg 768w\" sizes=\"auto, (max-width: 767px) 89vw, (max-width: 1000px) 54vw, (max-width: 1071px) 543px, 580px\" \/><figcaption>Les &#8220;Flying&#8221; aux heures historiques de Sully sur Loire ( Pat, Ptit Seb, Phil et Steph ).<\/figcaption><\/figure>\n\n\n\n<figure class=\"wp-block-image\"><img loading=\"lazy\" decoding=\"async\" width=\"960\" height=\"638\" src=\"http:\/\/iswing.fr\/wp-content\/uploads\/2020\/09\/Old-timers-FCC-Blousons-FCC-Sully-2018.jpg\" alt=\"\" class=\"wp-image-78\" srcset=\"https:\/\/iswing.fr\/wp-content\/uploads\/2020\/09\/Old-timers-FCC-Blousons-FCC-Sully-2018.jpg 960w, https:\/\/iswing.fr\/wp-content\/uploads\/2020\/09\/Old-timers-FCC-Blousons-FCC-Sully-2018-300x199.jpg 300w, https:\/\/iswing.fr\/wp-content\/uploads\/2020\/09\/Old-timers-FCC-Blousons-FCC-Sully-2018-768x510.jpg 768w\" sizes=\"auto, (max-width: 767px) 89vw, (max-width: 1000px) 54vw, (max-width: 1071px) 543px, 580px\" \/><figcaption>Les &#8220;Flying&#8221; aux heures historiques de Sully sur Loire ( Pat, Ptit Seb et Phil ).<\/figcaption><\/figure>\n","protected":false},"excerpt":{"rendered":"<p>&nbsp;&nbsp;&nbsp;&nbsp;&nbsp; Bienvenue \u00e0 vous ! &nbsp;Phil vous propose des cours dans l&#8217;esprit authentique des danseurs originaires de l&#8217;\u00e8re du Swing. Ceci dans le plus grand respect des styles qui sont n\u00e9s notamment au Savoy Ballroom \u00e0 Harlem, USA dans les ann\u00e9es 1920. &nbsp;Nous proposons, avec les danseurs de Phil, les Flying Cool Cats, de vous &hellip; <\/p>\n<p class=\"link-more\"><a href=\"https:\/\/iswing.fr\/\" class=\"more-link\">Continue reading<span class=\"screen-reader-text\"> &#8220;Accueil : I Swing With Phil =^.^=&#8221;<\/span><\/a><\/p>\n","protected":false},"author":1,"featured_media":5500,"parent":0,"menu_order":1,"comment_status":"closed","ping_status":"closed","template":"","meta":{"footnotes":""},"class_list":["post-8","page","type-page","status-publish","has-post-thumbnail","hentry"],"_links":{"self":[{"href":"https:\/\/iswing.fr\/index.php?rest_route=\/wp\/v2\/pages\/8","targetHints":{"allow":["GET"]}}],"collection":[{"href":"https:\/\/iswing.fr\/index.php?rest_route=\/wp\/v2\/pages"}],"about":[{"href":"https:\/\/iswing.fr\/index.php?rest_route=\/wp\/v2\/types\/page"}],"author":[{"embeddable":true,"href":"https:\/\/iswing.fr\/index.php?rest_route=\/wp\/v2\/users\/1"}],"replies":[{"embeddable":true,"href":"https:\/\/iswing.fr\/index.php?rest_route=%2Fwp%2Fv2%2Fcomments&post=8"}],"version-history":[{"count":20,"href":"https:\/\/iswing.fr\/index.php?rest_route=\/wp\/v2\/pages\/8\/revisions"}],"predecessor-version":[{"id":5446,"href":"https:\/\/iswing.fr\/index.php?rest_route=\/wp\/v2\/pages\/8\/revisions\/5446"}],"wp:featuredmedia":[{"embeddable":true,"href":"https:\/\/iswing.fr\/index.php?rest_route=\/wp\/v2\/media\/5500"}],"wp:attachment":[{"href":"https:\/\/iswing.fr\/index.php?rest_route=%2Fwp%2Fv2%2Fmedia&parent=8"}],"curies":[{"name":"wp","href":"https:\/\/api.w.org\/{rel}","templated":true}]}}