{"id":11,"date":"2020-09-13T16:00:12","date_gmt":"2020-09-13T14:00:12","guid":{"rendered":"http:\/\/iswing.fr\/?page_id=11"},"modified":"2025-06-17T10:48:24","modified_gmt":"2025-06-17T08:48:24","slug":"blog","status":"publish","type":"page","link":"https:\/\/iswing.fr\/?page_id=11","title":{"rendered":"Photos"},"content":{"rendered":"\n<figure class=\"wp-block-image size-large\"><img loading=\"lazy\" decoding=\"async\" width=\"1024\" height=\"576\" src=\"https:\/\/iswing.fr\/wp-content\/uploads\/2025\/06\/JC-Peyrard-IMG_2710-Web-1024x576.jpg\" alt=\"\" class=\"wp-image-5486\" srcset=\"https:\/\/iswing.fr\/wp-content\/uploads\/2025\/06\/JC-Peyrard-IMG_2710-Web-1024x576.jpg 1024w, https:\/\/iswing.fr\/wp-content\/uploads\/2025\/06\/JC-Peyrard-IMG_2710-Web-300x169.jpg 300w, https:\/\/iswing.fr\/wp-content\/uploads\/2025\/06\/JC-Peyrard-IMG_2710-Web-768x432.jpg 768w, https:\/\/iswing.fr\/wp-content\/uploads\/2025\/06\/JC-Peyrard-IMG_2710-Web-1536x864.jpg 1536w, https:\/\/iswing.fr\/wp-content\/uploads\/2025\/06\/JC-Peyrard-IMG_2710-Web-2048x1152.jpg 2048w\" sizes=\"auto, (max-width: 767px) 89vw, (max-width: 1000px) 54vw, (max-width: 1071px) 543px, 580px\" \/><\/figure>\n\n\n\n<figure class=\"wp-block-image size-large\"><img loading=\"lazy\" decoding=\"async\" width=\"1024\" height=\"683\" src=\"https:\/\/iswing.fr\/wp-content\/uploads\/2025\/06\/JC-Peyrard-IMG_2627-Web-1024x683.jpg\" alt=\"\" class=\"wp-image-5499\" srcset=\"https:\/\/iswing.fr\/wp-content\/uploads\/2025\/06\/JC-Peyrard-IMG_2627-Web-1024x683.jpg 1024w, https:\/\/iswing.fr\/wp-content\/uploads\/2025\/06\/JC-Peyrard-IMG_2627-Web-300x200.jpg 300w, https:\/\/iswing.fr\/wp-content\/uploads\/2025\/06\/JC-Peyrard-IMG_2627-Web-768x512.jpg 768w, https:\/\/iswing.fr\/wp-content\/uploads\/2025\/06\/JC-Peyrard-IMG_2627-Web-1536x1024.jpg 1536w, https:\/\/iswing.fr\/wp-content\/uploads\/2025\/06\/JC-Peyrard-IMG_2627-Web-2048x1365.jpg 2048w\" sizes=\"auto, (max-width: 767px) 89vw, (max-width: 1000px) 54vw, (max-width: 1071px) 543px, 580px\" \/><\/figure>\n\n\n\n<figure class=\"wp-block-image size-large\"><img loading=\"lazy\" decoding=\"async\" width=\"1024\" height=\"576\" src=\"https:\/\/iswing.fr\/wp-content\/uploads\/2025\/06\/JC-Peyrard-IMG_2751-Web-1024x576.jpg\" alt=\"\" class=\"wp-image-5501\" srcset=\"https:\/\/iswing.fr\/wp-content\/uploads\/2025\/06\/JC-Peyrard-IMG_2751-Web-1024x576.jpg 1024w, https:\/\/iswing.fr\/wp-content\/uploads\/2025\/06\/JC-Peyrard-IMG_2751-Web-300x169.jpg 300w, https:\/\/iswing.fr\/wp-content\/uploads\/2025\/06\/JC-Peyrard-IMG_2751-Web-768x432.jpg 768w, https:\/\/iswing.fr\/wp-content\/uploads\/2025\/06\/JC-Peyrard-IMG_2751-Web-1536x864.jpg 1536w, https:\/\/iswing.fr\/wp-content\/uploads\/2025\/06\/JC-Peyrard-IMG_2751-Web-2048x1152.jpg 2048w\" sizes=\"auto, (max-width: 767px) 89vw, (max-width: 1000px) 54vw, (max-width: 1071px) 543px, 580px\" \/><\/figure>\n\n\n\n<figure class=\"wp-block-image size-large\"><img loading=\"lazy\" decoding=\"async\" width=\"1024\" height=\"683\" src=\"https:\/\/iswing.fr\/wp-content\/uploads\/2025\/06\/JC-Peyrard-IMG_2768-Web-1024x683.jpg\" alt=\"\" class=\"wp-image-5502\" srcset=\"https:\/\/iswing.fr\/wp-content\/uploads\/2025\/06\/JC-Peyrard-IMG_2768-Web-1024x683.jpg 1024w, https:\/\/iswing.fr\/wp-content\/uploads\/2025\/06\/JC-Peyrard-IMG_2768-Web-300x200.jpg 300w, https:\/\/iswing.fr\/wp-content\/uploads\/2025\/06\/JC-Peyrard-IMG_2768-Web-768x512.jpg 768w, https:\/\/iswing.fr\/wp-content\/uploads\/2025\/06\/JC-Peyrard-IMG_2768-Web-1536x1024.jpg 1536w, https:\/\/iswing.fr\/wp-content\/uploads\/2025\/06\/JC-Peyrard-IMG_2768-Web-2048x1365.jpg 2048w\" sizes=\"auto, (max-width: 767px) 89vw, (max-width: 1000px) 54vw, (max-width: 1071px) 543px, 580px\" \/><\/figure>\n\n\n\n<figure class=\"wp-block-image size-large\"><img loading=\"lazy\" decoding=\"async\" width=\"1024\" height=\"576\" src=\"https:\/\/iswing.fr\/wp-content\/uploads\/2025\/06\/JC-Peyrard-IMG_2754-Web-1024x576.jpg\" alt=\"\" class=\"wp-image-5503\" srcset=\"https:\/\/iswing.fr\/wp-content\/uploads\/2025\/06\/JC-Peyrard-IMG_2754-Web-1024x576.jpg 1024w, https:\/\/iswing.fr\/wp-content\/uploads\/2025\/06\/JC-Peyrard-IMG_2754-Web-300x169.jpg 300w, https:\/\/iswing.fr\/wp-content\/uploads\/2025\/06\/JC-Peyrard-IMG_2754-Web-768x432.jpg 768w, https:\/\/iswing.fr\/wp-content\/uploads\/2025\/06\/JC-Peyrard-IMG_2754-Web-1536x864.jpg 1536w, https:\/\/iswing.fr\/wp-content\/uploads\/2025\/06\/JC-Peyrard-IMG_2754-Web-2048x1152.jpg 2048w\" sizes=\"auto, (max-width: 767px) 89vw, (max-width: 1000px) 54vw, (max-width: 1071px) 543px, 580px\" \/><\/figure>\n\n\n<div class=\"wp-block-image is-resized\">\n<figure class=\"aligncenter\"><img loading=\"lazy\" decoding=\"async\" width=\"1024\" height=\"768\" src=\"https:\/\/iswing.fr\/wp-content\/uploads\/2022\/12\/2021-FCC-Sully-2021-IMG_1626-1024x768.jpg\" alt=\"\" class=\"wp-image-5361\" srcset=\"https:\/\/iswing.fr\/wp-content\/uploads\/2022\/12\/2021-FCC-Sully-2021-IMG_1626-1024x768.jpg 1024w, https:\/\/iswing.fr\/wp-content\/uploads\/2022\/12\/2021-FCC-Sully-2021-IMG_1626-300x225.jpg 300w, https:\/\/iswing.fr\/wp-content\/uploads\/2022\/12\/2021-FCC-Sully-2021-IMG_1626-768x576.jpg 768w\" sizes=\"auto, (max-width: 767px) 89vw, (max-width: 1000px) 54vw, (max-width: 1071px) 543px, 580px\" \/><figcaption class=\"wp-element-caption\"><strong>Flying Cool Cats A2 Flight Jackets<\/strong><\/figcaption><\/figure><\/div>\n\n<div class=\"wp-block-image\">\n<figure class=\"aligncenter is-resized\"><img loading=\"lazy\" decoding=\"async\" width=\"946\" height=\"628\" src=\"https:\/\/iswing.fr\/wp-content\/uploads\/2023\/05\/Sully-2023-Saute-Mouton.jpg\" alt=\"\" class=\"wp-image-5384\" style=\"width:946px;height:628px\" srcset=\"https:\/\/iswing.fr\/wp-content\/uploads\/2023\/05\/Sully-2023-Saute-Mouton.jpg 946w, https:\/\/iswing.fr\/wp-content\/uploads\/2023\/05\/Sully-2023-Saute-Mouton-300x199.jpg 300w, https:\/\/iswing.fr\/wp-content\/uploads\/2023\/05\/Sully-2023-Saute-Mouton-768x510.jpg 768w\" sizes=\"auto, (max-width: 767px) 89vw, (max-width: 1000px) 54vw, (max-width: 1071px) 543px, 580px\" \/><figcaption class=\"wp-element-caption\"><strong>Sully 2023 \/ Amandine et Phil =^.^=<\/strong><\/figcaption><\/figure><\/div>\n\n<div class=\"wp-block-image\">\n<figure class=\"aligncenter is-resized\"><img loading=\"lazy\" decoding=\"async\" width=\"921\" height=\"1024\" src=\"http:\/\/iswing.fr\/wp-content\/uploads\/2020\/10\/DSC09917-e1601648709363-921x1024.jpg\" alt=\"\" class=\"wp-image-235\" style=\"width:921px;height:1024px\" srcset=\"https:\/\/iswing.fr\/wp-content\/uploads\/2020\/10\/DSC09917-e1601648709363-921x1024.jpg 921w, https:\/\/iswing.fr\/wp-content\/uploads\/2020\/10\/DSC09917-e1601648709363-270x300.jpg 270w, https:\/\/iswing.fr\/wp-content\/uploads\/2020\/10\/DSC09917-e1601648709363-768x854.jpg 768w\" sizes=\"auto, (max-width: 767px) 89vw, (max-width: 1000px) 54vw, (max-width: 1071px) 543px, 580px\" \/><figcaption class=\"wp-element-caption\"><strong>Flying   &#8220;P&#8217;tit Seb&#8221; !<\/strong><\/figcaption><\/figure><\/div>\n\n<div class=\"wp-block-image\">\n<figure class=\"aligncenter is-resized\"><img loading=\"lazy\" decoding=\"async\" width=\"1024\" height=\"683\" src=\"https:\/\/iswing.fr\/wp-content\/uploads\/2022\/12\/2022-DSC_3510_DxO_DxO-1024x683.jpg\" alt=\"\" class=\"wp-image-5358\" style=\"width:1024px;height:683px\" srcset=\"https:\/\/iswing.fr\/wp-content\/uploads\/2022\/12\/2022-DSC_3510_DxO_DxO-1024x683.jpg 1024w, https:\/\/iswing.fr\/wp-content\/uploads\/2022\/12\/2022-DSC_3510_DxO_DxO-300x200.jpg 300w, https:\/\/iswing.fr\/wp-content\/uploads\/2022\/12\/2022-DSC_3510_DxO_DxO-768x512.jpg 768w\" sizes=\"auto, (max-width: 767px) 89vw, (max-width: 1000px) 54vw, (max-width: 1071px) 543px, 580px\" \/><figcaption class=\"wp-element-caption\"><strong>Steph &amp; Cathy<\/strong><\/figcaption><\/figure><\/div>\n\n<div class=\"wp-block-image\">\n<figure class=\"aligncenter is-resized\"><img loading=\"lazy\" decoding=\"async\" width=\"1024\" height=\"683\" src=\"https:\/\/iswing.fr\/wp-content\/uploads\/2022\/12\/2021-JC-Peyrard-IMG_6887-Print-1024x683.jpg\" alt=\"\" class=\"wp-image-5362\" style=\"width:1024px;height:683px\" srcset=\"https:\/\/iswing.fr\/wp-content\/uploads\/2022\/12\/2021-JC-Peyrard-IMG_6887-Print-1024x683.jpg 1024w, https:\/\/iswing.fr\/wp-content\/uploads\/2022\/12\/2021-JC-Peyrard-IMG_6887-Print-300x200.jpg 300w, https:\/\/iswing.fr\/wp-content\/uploads\/2022\/12\/2021-JC-Peyrard-IMG_6887-Print-768x512.jpg 768w\" sizes=\"auto, (max-width: 767px) 89vw, (max-width: 1000px) 54vw, (max-width: 1071px) 543px, 580px\" \/><figcaption class=\"wp-element-caption\"><strong>Phil &amp; Amandine et Steph &amp; Cathy<\/strong><\/figcaption><\/figure><\/div>\n\n<div class=\"wp-block-image\">\n<figure class=\"aligncenter is-resized\"><img loading=\"lazy\" decoding=\"async\" width=\"1024\" height=\"683\" src=\"https:\/\/iswing.fr\/wp-content\/uploads\/2022\/12\/2022-DSC_3525_DxO_DxO-1024x683.jpg\" alt=\"\" class=\"wp-image-5357\" style=\"width:1024px;height:683px\" srcset=\"https:\/\/iswing.fr\/wp-content\/uploads\/2022\/12\/2022-DSC_3525_DxO_DxO-1024x683.jpg 1024w, https:\/\/iswing.fr\/wp-content\/uploads\/2022\/12\/2022-DSC_3525_DxO_DxO-300x200.jpg 300w, https:\/\/iswing.fr\/wp-content\/uploads\/2022\/12\/2022-DSC_3525_DxO_DxO-768x512.jpg 768w\" sizes=\"auto, (max-width: 767px) 89vw, (max-width: 1000px) 54vw, (max-width: 1071px) 543px, 580px\" \/><figcaption class=\"wp-element-caption\"><strong>Sully 2022<\/strong><\/figcaption><\/figure><\/div>\n\n<div class=\"wp-block-image\">\n<figure class=\"aligncenter is-resized\"><img loading=\"lazy\" decoding=\"async\" width=\"693\" height=\"1024\" src=\"https:\/\/iswing.fr\/wp-content\/uploads\/2022\/12\/2022-Amamndine-Sully-IMG_7133-693x1024.jpg\" alt=\"\" class=\"wp-image-5356\" style=\"width:693px;height:1024px\" srcset=\"https:\/\/iswing.fr\/wp-content\/uploads\/2022\/12\/2022-Amamndine-Sully-IMG_7133-693x1024.jpg 693w, https:\/\/iswing.fr\/wp-content\/uploads\/2022\/12\/2022-Amamndine-Sully-IMG_7133-203x300.jpg 203w, https:\/\/iswing.fr\/wp-content\/uploads\/2022\/12\/2022-Amamndine-Sully-IMG_7133-768x1135.jpg 768w, https:\/\/iswing.fr\/wp-content\/uploads\/2022\/12\/2022-Amamndine-Sully-IMG_7133.jpg 1170w\" sizes=\"auto, (max-width: 693px) 100vw, 693px\" \/><figcaption class=\"wp-element-caption\"><strong>Amandine<\/strong><\/figcaption><\/figure><\/div>\n\n<div class=\"wp-block-image\">\n<figure class=\"aligncenter is-resized\"><img loading=\"lazy\" decoding=\"async\" width=\"675\" height=\"900\" src=\"http:\/\/iswing.fr\/wp-content\/uploads\/2020\/10\/max_7182970461.jpg\" alt=\"\" class=\"wp-image-241\" style=\"width:675px;height:900px\" srcset=\"https:\/\/iswing.fr\/wp-content\/uploads\/2020\/10\/max_7182970461.jpg 675w, https:\/\/iswing.fr\/wp-content\/uploads\/2020\/10\/max_7182970461-225x300.jpg 225w\" sizes=\"auto, (max-width: 675px) 100vw, 675px\" \/><figcaption class=\"wp-element-caption\"><strong>Phil =^.^=<\/strong><\/figcaption><\/figure><\/div>\n\n<div class=\"wp-block-image\">\n<figure class=\"aligncenter is-resized\"><img loading=\"lazy\" decoding=\"async\" width=\"1024\" height=\"683\" src=\"http:\/\/iswing.fr\/wp-content\/uploads\/2020\/10\/Phil-Isa-Mogador-1024x683.jpg\" alt=\"\" class=\"wp-image-470\" style=\"width:1024px;height:683px\" srcset=\"https:\/\/iswing.fr\/wp-content\/uploads\/2020\/10\/Phil-Isa-Mogador-1024x683.jpg 1024w, https:\/\/iswing.fr\/wp-content\/uploads\/2020\/10\/Phil-Isa-Mogador-300x200.jpg 300w, https:\/\/iswing.fr\/wp-content\/uploads\/2020\/10\/Phil-Isa-Mogador-768x512.jpg 768w, https:\/\/iswing.fr\/wp-content\/uploads\/2020\/10\/Phil-Isa-Mogador.jpg 2048w\" sizes=\"auto, (max-width: 767px) 89vw, (max-width: 1000px) 54vw, (max-width: 1071px) 543px, 580px\" \/><figcaption class=\"wp-element-caption\"><strong>Isa &amp; Phil =^.^=<br>Le Th\u00e9\u00e2tre Mogador \u00e0 Paris donne carte blanche \u00e0 Phil =^.^=  pour organiser avec&nbsp;les&nbsp;Flying&nbsp;Cool&nbsp;Cats l&#8217;After Show Swing de la 200e de la com\u00e9die musicale CHICAGO.<\/strong><\/figcaption><\/figure><\/div>\n\n<div class=\"wp-block-image\">\n<figure class=\"aligncenter is-resized\"><img loading=\"lazy\" decoding=\"async\" width=\"886\" height=\"515\" src=\"http:\/\/iswing.fr\/wp-content\/uploads\/2020\/10\/2011-V-comme-Vian-France-2-a.png\" alt=\"\" class=\"wp-image-239\" style=\"width:886px;height:515px\" srcset=\"https:\/\/iswing.fr\/wp-content\/uploads\/2020\/10\/2011-V-comme-Vian-France-2-a.png 886w, https:\/\/iswing.fr\/wp-content\/uploads\/2020\/10\/2011-V-comme-Vian-France-2-a-300x174.png 300w, https:\/\/iswing.fr\/wp-content\/uploads\/2020\/10\/2011-V-comme-Vian-France-2-a-768x446.png 768w\" sizes=\"auto, (max-width: 767px) 89vw, (max-width: 1000px) 54vw, (max-width: 1071px) 543px, 580px\" \/><figcaption class=\"wp-element-caption\"><strong>V comme Vian \/ Philippe Le Guay<\/strong><\/figcaption><\/figure><\/div>\n\n<div class=\"wp-block-image\">\n<figure class=\"aligncenter is-resized\"><img loading=\"lazy\" decoding=\"async\" width=\"886\" height=\"509\" src=\"http:\/\/iswing.fr\/wp-content\/uploads\/2020\/10\/2011-V-comme-Vian-France-2-b.png\" alt=\"\" class=\"wp-image-240\" style=\"width:886px;height:509px\" srcset=\"https:\/\/iswing.fr\/wp-content\/uploads\/2020\/10\/2011-V-comme-Vian-France-2-b.png 886w, https:\/\/iswing.fr\/wp-content\/uploads\/2020\/10\/2011-V-comme-Vian-France-2-b-300x172.png 300w, https:\/\/iswing.fr\/wp-content\/uploads\/2020\/10\/2011-V-comme-Vian-France-2-b-768x441.png 768w\" sizes=\"auto, (max-width: 767px) 89vw, (max-width: 1000px) 54vw, (max-width: 1071px) 543px, 580px\" \/><figcaption class=\"wp-element-caption\"><strong>V comme Vian \/ Philippe Le Guay<\/strong><\/figcaption><\/figure><\/div>\n\n<div class=\"wp-block-image\">\n<figure class=\"aligncenter is-resized\"><img loading=\"lazy\" decoding=\"async\" width=\"2000\" height=\"1125\" src=\"http:\/\/iswing.fr\/wp-content\/uploads\/2020\/09\/0758956C-FC3F-4D8A-AFAA-81370880FAAD.jpeg\" alt=\"\" class=\"wp-image-130\" style=\"width:2000px;height:1125px\" srcset=\"https:\/\/iswing.fr\/wp-content\/uploads\/2020\/09\/0758956C-FC3F-4D8A-AFAA-81370880FAAD.jpeg 2000w, https:\/\/iswing.fr\/wp-content\/uploads\/2020\/09\/0758956C-FC3F-4D8A-AFAA-81370880FAAD-300x169.jpeg 300w, https:\/\/iswing.fr\/wp-content\/uploads\/2020\/09\/0758956C-FC3F-4D8A-AFAA-81370880FAAD-768x432.jpeg 768w, https:\/\/iswing.fr\/wp-content\/uploads\/2020\/09\/0758956C-FC3F-4D8A-AFAA-81370880FAAD-1024x576.jpeg 1024w\" sizes=\"auto, (max-width: 767px) 89vw, (max-width: 1000px) 54vw, (max-width: 1071px) 543px, 580px\" \/><figcaption class=\"wp-element-caption\"><strong>Stages Swing pour K-Danse<\/strong><\/figcaption><\/figure><\/div>","protected":false},"excerpt":{"rendered":"","protected":false},"author":1,"featured_media":0,"parent":0,"menu_order":0,"comment_status":"closed","ping_status":"closed","template":"","meta":{"footnotes":""},"class_list":["post-11","page","type-page","status-publish","hentry"],"_links":{"self":[{"href":"https:\/\/iswing.fr\/index.php?rest_route=\/wp\/v2\/pages\/11","targetHints":{"allow":["GET"]}}],"collection":[{"href":"https:\/\/iswing.fr\/index.php?rest_route=\/wp\/v2\/pages"}],"about":[{"href":"https:\/\/iswing.fr\/index.php?rest_route=\/wp\/v2\/types\/page"}],"author":[{"embeddable":true,"href":"https:\/\/iswing.fr\/index.php?rest_route=\/wp\/v2\/users\/1"}],"replies":[{"embeddable":true,"href":"https:\/\/iswing.fr\/index.php?rest_route=%2Fwp%2Fv2%2Fcomments&post=11"}],"version-history":[{"count":39,"href":"https:\/\/iswing.fr\/index.php?rest_route=\/wp\/v2\/pages\/11\/revisions"}],"predecessor-version":[{"id":5504,"href":"https:\/\/iswing.fr\/index.php?rest_route=\/wp\/v2\/pages\/11\/revisions\/5504"}],"wp:attachment":[{"href":"https:\/\/iswing.fr\/index.php?rest_route=%2Fwp%2Fv2%2Fmedia&parent=11"}],"curies":[{"name":"wp","href":"https:\/\/api.w.org\/{rel}","templated":true}]}}