{"id":10,"date":"2020-09-13T16:00:12","date_gmt":"2020-09-13T14:00:12","guid":{"rendered":"http:\/\/iswing.fr\/?page_id=10"},"modified":"2026-02-02T13:30:59","modified_gmt":"2026-02-02T12:30:59","slug":"contact","status":"publish","type":"page","link":"https:\/\/iswing.fr\/?page_id=10","title":{"rendered":"Contact et Planning 2025-2026"},"content":{"rendered":"<div class=\"wp-block-image\">\n<figure class=\"aligncenter\"><img loading=\"lazy\" decoding=\"async\" width=\"1024\" height=\"619\" src=\"http:\/\/iswing.fr\/wp-content\/uploads\/2024\/10\/Planning-Cours-Hebdo-2024-2025-1024x619.png\" alt=\"\" class=\"wp-image-5464\" srcset=\"https:\/\/iswing.fr\/wp-content\/uploads\/2024\/10\/Planning-Cours-Hebdo-2024-2025-1024x619.png 1024w, https:\/\/iswing.fr\/wp-content\/uploads\/2024\/10\/Planning-Cours-Hebdo-2024-2025-300x181.png 300w, https:\/\/iswing.fr\/wp-content\/uploads\/2024\/10\/Planning-Cours-Hebdo-2024-2025-768x464.png 768w\" sizes=\"auto, (max-width: 767px) 89vw, (max-width: 1000px) 54vw, (max-width: 1071px) 543px, 580px\" \/><\/figure><\/div>\n\n\n<p><strong><a href=\"https:\/\/www.cdba.club\/sections\/danse-balard\">Au&nbsp;Club&nbsp;D\u00e9fense&nbsp;Balard Arcueil,&nbsp;Paris&nbsp;(&nbsp;Attention&nbsp;Site&nbsp;reserv\u00e9&nbsp;aux&nbsp;personnes&nbsp;accredit\u00e9es )<\/a><\/strong><\/p>\n\n\n\n<p>Les Mercredis :<\/p>\n\n\n\n<p>          \u2022 11h45 &#8211; 12h45 : Cours de Lindy Hop<\/p>\n\n\n\n<p>\u2022 12h45 &#8211; 13h45 : Cours\u00a0de\u00a0Rock &amp; Roll<\/p>\n\n\n<p><strong>Retrouvez Phil sur les r\u00e9seaux sociaux :<\/strong><\/p>\n<p>FB : <a href=\"https:\/\/www.facebook.com\/groups\/643525292718284\/\">i swing with Phil =^.^=<\/a><\/p>\n<p>FB : <a href=\"https:\/\/www.facebook.com\/profile.php?id=100003179531983\">Phil Mencia<\/a><\/p>\n<p>FB : <a href=\"https:\/\/www.facebook.com\/harlemphilmencia\/\">Entre cuir et Photos<\/a><\/p>\n\n\n<p><strong>Cours Hebdo :<\/strong><\/p>\n\n\n\n<p><a href=\"https:\/\/asso.carrieresdanse.com\"> \u00e0 Carri\u00e8res sur Seine 78&nbsp;&#8211;&nbsp;Carri\u00e8res&nbsp;Danse<\/a><\/p>\n\n\n\n<p><a rel=\"noreferrer noopener\" aria-label=\" (opens in a new tab)\" href=\"https:\/\/www.facebook.com\/profile.php?id=100009558684661\" target=\"_blank\">\u00e0 Dammarie&nbsp;les&nbsp;Lys&nbsp;77&nbsp;&#8211;&nbsp;K&#8217;&nbsp;Danse<\/a><\/p>\n\n\n\n<p><a href=\"https:\/\/www.facebook.com\/mov.dance\">\u00e0 Lagny&nbsp;sur&nbsp;Marne 77 &#8211; Mov Dance<\/a><\/p>\n\n\n\n<p><strong>Mail<\/strong><br><strong><a href=\"mailto:iswing@sfr.fr\">iswing@sfr.fr\ufeff<\/a><\/strong><\/p>\n\n\n\n<p><strong>Infos et Cours particuliers&nbsp;:<\/strong><br>06 84 48 68 31<\/p>\n","protected":false},"excerpt":{"rendered":"<p>Au&nbsp;Club&nbsp;D\u00e9fense&nbsp;Balard Arcueil,&nbsp;Paris&nbsp;(&nbsp;Attention&nbsp;Site&nbsp;reserv\u00e9&nbsp;aux&nbsp;personnes&nbsp;accredit\u00e9es ) Les Mercredis : \u2022 11h45 &#8211; 12h45 : Cours de Lindy Hop \u2022 12h45 &#8211; 13h45 : Cours\u00a0de\u00a0Rock &amp; Roll Retrouvez Phil sur les r\u00e9seaux sociaux : FB : i swing with Phil =^.^= FB : Phil Mencia FB : Entre cuir et Photos Cours Hebdo : \u00e0 Carri\u00e8res sur Seine 78&nbsp;&#8211;&nbsp;Carri\u00e8res&nbsp;Danse &hellip; <\/p>\n<p class=\"link-more\"><a href=\"https:\/\/iswing.fr\/?page_id=10\" class=\"more-link\">Continue reading<span class=\"screen-reader-text\"> &#8220;Contact et Planning 2025-2026&#8221;<\/span><\/a><\/p>\n","protected":false},"author":1,"featured_media":0,"parent":0,"menu_order":2,"comment_status":"closed","ping_status":"closed","template":"","meta":{"footnotes":""},"class_list":["post-10","page","type-page","status-publish","hentry"],"_links":{"self":[{"href":"https:\/\/iswing.fr\/index.php?rest_route=\/wp\/v2\/pages\/10","targetHints":{"allow":["GET"]}}],"collection":[{"href":"https:\/\/iswing.fr\/index.php?rest_route=\/wp\/v2\/pages"}],"about":[{"href":"https:\/\/iswing.fr\/index.php?rest_route=\/wp\/v2\/types\/page"}],"author":[{"embeddable":true,"href":"https:\/\/iswing.fr\/index.php?rest_route=\/wp\/v2\/users\/1"}],"replies":[{"embeddable":true,"href":"https:\/\/iswing.fr\/index.php?rest_route=%2Fwp%2Fv2%2Fcomments&post=10"}],"version-history":[{"count":43,"href":"https:\/\/iswing.fr\/index.php?rest_route=\/wp\/v2\/pages\/10\/revisions"}],"predecessor-version":[{"id":5507,"href":"https:\/\/iswing.fr\/index.php?rest_route=\/wp\/v2\/pages\/10\/revisions\/5507"}],"wp:attachment":[{"href":"https:\/\/iswing.fr\/index.php?rest_route=%2Fwp%2Fv2%2Fmedia&parent=10"}],"curies":[{"name":"wp","href":"https:\/\/api.w.org\/{rel}","templated":true}]}}